{"id":751,"date":"2025-11-13T16:34:00","date_gmt":"2025-11-13T16:34:00","guid":{"rendered":"https:\/\/artisansrecuperateurs.com\/ArtisansWordpress\/?page_id=751"},"modified":"2025-11-27T15:22:48","modified_gmt":"2025-11-27T15:22:48","slug":"la-hache-sonia-landry","status":"publish","type":"page","link":"https:\/\/artisansrecuperateurs.com\/ArtisansWordpress\/index.php\/la-hache-sonia-landry\/","title":{"rendered":"LA HACHE"},"content":{"rendered":"\t\t<div data-elementor-type=\"wp-page\" data-elementor-id=\"751\" class=\"elementor elementor-751\">\n\t\t\t\t<div class=\"elementor-element elementor-element-2f67486c e-con-full e-flex e-con e-parent\" data-id=\"2f67486c\" data-element_type=\"container\">\n\t\t\t\t<div class=\"elementor-element elementor-element-1b7b4f09 elementor-widget__width-initial elementor-arrows-position-inside elementor-pagination-position-outside elementor-widget elementor-widget-image-carousel\" data-id=\"1b7b4f09\" data-element_type=\"widget\" data-settings=\"{&quot;slides_to_show&quot;:&quot;1&quot;,&quot;navigation&quot;:&quot;both&quot;,&quot;autoplay&quot;:&quot;yes&quot;,&quot;pause_on_hover&quot;:&quot;yes&quot;,&quot;pause_on_interaction&quot;:&quot;yes&quot;,&quot;autoplay_speed&quot;:5000,&quot;infinite&quot;:&quot;yes&quot;,&quot;effect&quot;:&quot;slide&quot;,&quot;speed&quot;:500}\" data-widget_type=\"image-carousel.default\">\n\t\t\t\t\t\t\t<div class=\"elementor-image-carousel-wrapper swiper\" role=\"region\" aria-roledescription=\"carousel\" aria-label=\"Carrousel d\u2019images\" dir=\"ltr\">\n\t\t\t<div class=\"elementor-image-carousel swiper-wrapper\" aria-live=\"off\">\n\t\t\t\t\t\t\t\t<div class=\"swiper-slide\" role=\"group\" aria-roledescription=\"slide\" aria-label=\"1 of 6\"><figure class=\"swiper-slide-inner\"><img decoding=\"async\" class=\"swiper-slide-image\" src=\"https:\/\/artisansrecuperateurs.com\/ArtisansWordpress\/wp-content\/uploads\/2025\/11\/LaHacheLogo-Sonia-Landry-300x300.jpg\" alt=\"LaHacheLogo - Sonia Landry\" \/><\/figure><\/div><div class=\"swiper-slide\" role=\"group\" aria-roledescription=\"slide\" aria-label=\"2 of 6\"><figure class=\"swiper-slide-inner\"><img decoding=\"async\" class=\"swiper-slide-image\" src=\"https:\/\/artisansrecuperateurs.com\/ArtisansWordpress\/wp-content\/uploads\/2025\/11\/LaHache_ImpressionPerroquet2_PlacageBois-Sonia-Landry-300x300.jpg\" alt=\"LaHache_ImpressionPerroquet2_PlacageBois - Sonia Landry\" \/><\/figure><\/div><div class=\"swiper-slide\" role=\"group\" aria-roledescription=\"slide\" aria-label=\"3 of 6\"><figure class=\"swiper-slide-inner\"><img decoding=\"async\" class=\"swiper-slide-image\" src=\"https:\/\/artisansrecuperateurs.com\/ArtisansWordpress\/wp-content\/uploads\/2025\/11\/LaHache_ImpressionMontreal_VieuxLivres_PRODUITPHARE-Sonia-Landry-300x300.jpg\" alt=\"LaHache_ImpressionMontre\u0301al_VieuxLivres_PRODUITPHARE - Sonia Landry\" \/><\/figure><\/div><div class=\"swiper-slide\" role=\"group\" aria-roledescription=\"slide\" aria-label=\"4 of 6\"><figure class=\"swiper-slide-inner\"><img decoding=\"async\" class=\"swiper-slide-image\" src=\"https:\/\/artisansrecuperateurs.com\/ArtisansWordpress\/wp-content\/uploads\/2025\/11\/LaHache_ImpressionIleNueDeMingan_PlacageBois-Sonia-Landry-300x300.jpg\" alt=\"LaHache_ImpressionI\u0302leNueDeMingan_PlacageBois - Sonia Landry\" \/><\/figure><\/div><div class=\"swiper-slide\" role=\"group\" aria-roledescription=\"slide\" aria-label=\"5 of 6\"><figure class=\"swiper-slide-inner\"><img decoding=\"async\" class=\"swiper-slide-image\" src=\"https:\/\/artisansrecuperateurs.com\/ArtisansWordpress\/wp-content\/uploads\/2025\/11\/LaHache_ImpressionBouleauJaune_PlacageBois-Sonia-Landry-300x300.jpg\" alt=\"LaHache_ImpressionBouleauJaune_PlacageBois - Sonia Landry\" \/><\/figure><\/div><div class=\"swiper-slide\" role=\"group\" aria-roledescription=\"slide\" aria-label=\"6 of 6\"><figure class=\"swiper-slide-inner\"><img decoding=\"async\" class=\"swiper-slide-image\" src=\"https:\/\/artisansrecuperateurs.com\/ArtisansWordpress\/wp-content\/uploads\/2025\/11\/LaHache_Bijoux_PlacageBois-Sonia-Landry-300x300.jpg\" alt=\"LaHache_Bijoux_PlacageBois - Sonia Landry\" \/><\/figure><\/div>\t\t\t<\/div>\n\t\t\t\t\t\t\t\t\t\t\t\t<div class=\"elementor-swiper-button elementor-swiper-button-prev\" role=\"button\" tabindex=\"0\">\n\t\t\t\t\t\t<svg aria-hidden=\"true\" class=\"e-font-icon-svg e-eicon-chevron-left\" viewBox=\"0 0 1000 1000\" xmlns=\"http:\/\/www.w3.org\/2000\/svg\"><path d=\"M646 125C629 125 613 133 604 142L308 442C296 454 292 471 292 487 292 504 296 521 308 533L604 854C617 867 629 875 646 875 663 875 679 871 692 858 704 846 713 829 713 812 713 796 708 779 692 767L438 487 692 225C700 217 708 204 708 187 708 171 704 154 692 142 675 129 663 125 646 125Z\"><\/path><\/svg>\t\t\t\t\t<\/div>\n\t\t\t\t\t<div class=\"elementor-swiper-button elementor-swiper-button-next\" role=\"button\" tabindex=\"0\">\n\t\t\t\t\t\t<svg aria-hidden=\"true\" class=\"e-font-icon-svg e-eicon-chevron-right\" viewBox=\"0 0 1000 1000\" xmlns=\"http:\/\/www.w3.org\/2000\/svg\"><path d=\"M696 533C708 521 713 504 713 487 713 471 708 454 696 446L400 146C388 133 375 125 354 125 338 125 325 129 313 142 300 154 292 171 292 187 292 204 296 221 308 233L563 492 304 771C292 783 288 800 288 817 288 833 296 850 308 863 321 871 338 875 354 875 371 875 388 867 400 854L696 533Z\"><\/path><\/svg>\t\t\t\t\t<\/div>\n\t\t\t\t\n\t\t\t\t\t\t\t\t\t<div class=\"swiper-pagination\"><\/div>\n\t\t\t\t\t\t\t\t\t<\/div>\n\t\t\t\t\t\t<\/div>\n\t\t<div class=\"elementor-element elementor-element-1ed3d4df e-con-full e-flex e-con e-child\" data-id=\"1ed3d4df\" data-element_type=\"container\">\n\t\t\t\t<div class=\"elementor-element elementor-element-e04e856 elementor-widget__width-initial elementor-widget elementor-widget-text-editor\" data-id=\"e04e856\" data-element_type=\"widget\" data-widget_type=\"text-editor.default\">\n\t\t\t\t\t\t\t\t\t<h3>Sonia Landry<\/h3>\t\t\t\t\t\t\t\t<\/div>\n\t\t\t\t<div class=\"elementor-element elementor-element-56841f3 elementor-widget__width-initial elementor-widget elementor-widget-text-editor\" data-id=\"56841f3\" data-element_type=\"widget\" data-widget_type=\"text-editor.default\">\n\t\t\t\t\t\t\t\t\t<div style=\"font-size: 1.2em;\">\ud83d\udccd <strong>Lieu<\/strong> : Saint-J\u00e9r\u00f4me<br \/>\ud83c\udf3f <strong>Mati\u00e8res<\/strong> : papier<br \/>\ud83d\udee0\ufe0f <strong>Cr\u00e9ations<\/strong> : \u00c9b\u00e9nisterie &amp; graphisme\u00a0: impressions typographiques de r\u00e9gions sur pages de vieux livres.<\/div>\t\t\t\t\t\t\t\t<\/div>\n\t\t\t\t<div class=\"elementor-element elementor-element-4d9f02dd elementor-widget elementor-widget-text-editor\" data-id=\"4d9f02dd\" data-element_type=\"widget\" data-widget_type=\"text-editor.default\">\n\t\t\t\t\t\t\t\t\t<p>Site web : <a href=\"https:\/\/www.behance.net\/LaHache\">https:\/\/www.behance.net\/LaHache<\/a><br \/>Facebook : <a href=\"https:\/\/www.facebook.com\/lahacheeg\">https:\/\/www.facebook.com\/lahacheeg<\/a><br \/>Instagram : <a href=\"https:\/\/www.instagram.com\/lahache_eg\/\">https:\/\/www.instagram.com\/lahache_eg\/<\/a><br \/>Etsy :\u00a0<a href=\"https:\/\/www.etsy.com\/shop\/LaHacheEG\">https:\/\/www.etsy.com\/shop\/LaHacheEG<\/a><\/p>\t\t\t\t\t\t\t\t<\/div>\n\t\t\t\t<\/div>\n\t\t\t\t<\/div>\n\t\t<div class=\"elementor-element elementor-element-5d1225eb e-con-full e-flex e-con e-parent\" data-id=\"5d1225eb\" data-element_type=\"container\">\n\t\t\t\t<div class=\"elementor-element elementor-element-171da21d elementor-widget elementor-widget-text-editor\" data-id=\"171da21d\" data-element_type=\"widget\" data-widget_type=\"text-editor.default\">\n\t\t\t\t\t\t\t\t\t<p>Sonia est \u00e9b\u00e9niste et graphiste de formation. Depuis 2020, La Hache est une combinaison de ses deux m\u00e9tiers, des ses 6 ans d&rsquo;\u00e9tudes, afin d&rsquo;exploiter ses connaissances. Le but est de mettre en valeur le bois et de montrer ses multiples possibilit\u00e9s tout en s&rsquo;exprimant \u00e0 travers son art.<br \/>Son produit phare : Impressions de linogravures dont la typographie fait la forme de la r\u00e9gion administrative repr\u00e9sent\u00e9e et imprim\u00e9es sur des pages de vieux livres destin\u00e9s \u00e0 \u00eatre jet\u00e9s.<\/p>\t\t\t\t\t\t\t\t<\/div>\n\t\t\t\t<\/div>\n\t\t\t\t<\/div>\n\t\t","protected":false},"excerpt":{"rendered":"<p>Sonia Landry \ud83d\udccd Lieu : Saint-J\u00e9r\u00f4me\ud83c\udf3f Mati\u00e8res : papier\ud83d\udee0\ufe0f Cr\u00e9ations : \u00c9b\u00e9nisterie &amp; graphisme\u00a0: impressions typographiques de r\u00e9gions sur pages de vieux livres. Site web : https:\/\/www.behance.net\/LaHacheFacebook : https:\/\/www.facebook.com\/lahacheegInstagram : https:\/\/www.instagram.com\/lahache_eg\/Etsy :\u00a0https:\/\/www.etsy.com\/shop\/LaHacheEG Sonia est \u00e9b\u00e9niste et graphiste de formation. Depuis 2020, La Hache est une combinaison de ses deux m\u00e9tiers, des ses 6 ans d&rsquo;\u00e9tudes, [&hellip;]<\/p>\n","protected":false},"author":1,"featured_media":0,"parent":0,"menu_order":0,"comment_status":"closed","ping_status":"closed","template":"","meta":{"_monsterinsights_skip_tracking":false,"_monsterinsights_sitenote_active":false,"_monsterinsights_sitenote_note":"","_monsterinsights_sitenote_category":0,"footnotes":""},"class_list":["post-751","page","type-page","status-publish","hentry"],"jetpack_sharing_enabled":true,"_links":{"self":[{"href":"https:\/\/artisansrecuperateurs.com\/ArtisansWordpress\/index.php\/wp-json\/wp\/v2\/pages\/751","targetHints":{"allow":["GET"]}}],"collection":[{"href":"https:\/\/artisansrecuperateurs.com\/ArtisansWordpress\/index.php\/wp-json\/wp\/v2\/pages"}],"about":[{"href":"https:\/\/artisansrecuperateurs.com\/ArtisansWordpress\/index.php\/wp-json\/wp\/v2\/types\/page"}],"author":[{"embeddable":true,"href":"https:\/\/artisansrecuperateurs.com\/ArtisansWordpress\/index.php\/wp-json\/wp\/v2\/users\/1"}],"replies":[{"embeddable":true,"href":"https:\/\/artisansrecuperateurs.com\/ArtisansWordpress\/index.php\/wp-json\/wp\/v2\/comments?post=751"}],"version-history":[{"count":14,"href":"https:\/\/artisansrecuperateurs.com\/ArtisansWordpress\/index.php\/wp-json\/wp\/v2\/pages\/751\/revisions"}],"predecessor-version":[{"id":1108,"href":"https:\/\/artisansrecuperateurs.com\/ArtisansWordpress\/index.php\/wp-json\/wp\/v2\/pages\/751\/revisions\/1108"}],"wp:attachment":[{"href":"https:\/\/artisansrecuperateurs.com\/ArtisansWordpress\/index.php\/wp-json\/wp\/v2\/media?parent=751"}],"curies":[{"name":"wp","href":"https:\/\/api.w.org\/{rel}","templated":true}]}}