{"id":706,"date":"2025-11-13T15:52:45","date_gmt":"2025-11-13T15:52:45","guid":{"rendered":"https:\/\/artisansrecuperateurs.com\/ArtisansWordpress\/?page_id=706"},"modified":"2025-11-27T15:07:33","modified_gmt":"2025-11-27T15:07:33","slug":"do-re-mi-bracelets-etc-anik-thibaudeau","status":"publish","type":"page","link":"https:\/\/artisansrecuperateurs.com\/ArtisansWordpress\/index.php\/do-re-mi-bracelets-etc-anik-thibaudeau\/","title":{"rendered":"DO RE MI BRACELETS etc."},"content":{"rendered":"\t\t<div data-elementor-type=\"wp-page\" data-elementor-id=\"706\" class=\"elementor elementor-706\">\n\t\t\t\t<div class=\"elementor-element elementor-element-2f67486c e-con-full e-flex e-con e-parent\" data-id=\"2f67486c\" data-element_type=\"container\">\n\t\t\t\t<div class=\"elementor-element elementor-element-1b7b4f09 elementor-widget__width-initial elementor-arrows-position-inside elementor-pagination-position-outside elementor-widget elementor-widget-image-carousel\" data-id=\"1b7b4f09\" data-element_type=\"widget\" data-settings=\"{&quot;slides_to_show&quot;:&quot;1&quot;,&quot;navigation&quot;:&quot;both&quot;,&quot;autoplay&quot;:&quot;yes&quot;,&quot;pause_on_hover&quot;:&quot;yes&quot;,&quot;pause_on_interaction&quot;:&quot;yes&quot;,&quot;autoplay_speed&quot;:5000,&quot;infinite&quot;:&quot;yes&quot;,&quot;effect&quot;:&quot;slide&quot;,&quot;speed&quot;:500}\" data-widget_type=\"image-carousel.default\">\n\t\t\t\t\t\t\t<div class=\"elementor-image-carousel-wrapper swiper\" role=\"region\" aria-roledescription=\"carousel\" aria-label=\"Carrousel d\u2019images\" dir=\"ltr\">\n\t\t\t<div class=\"elementor-image-carousel swiper-wrapper\" aria-live=\"off\">\n\t\t\t\t\t\t\t\t<div class=\"swiper-slide\" role=\"group\" aria-roledescription=\"slide\" aria-label=\"1 of 1\"><figure class=\"swiper-slide-inner\"><img decoding=\"async\" class=\"swiper-slide-image\" src=\"https:\/\/artisansrecuperateurs.com\/ArtisansWordpress\/wp-content\/uploads\/2025\/11\/Do-Re-Mi-Bracelets-etc.-Bracelet-LGBTQ-Do-Re-Mi-Bracelets-etc-300x300.jpg\" alt=\"Do Re Mi Bracelets etc. Bracelet LGBTQ+ - Do Re Mi Bracelets etc\" \/><\/figure><\/div>\t\t\t<\/div>\n\t\t\t\t\t<\/div>\n\t\t\t\t\t\t<\/div>\n\t\t<div class=\"elementor-element elementor-element-1ed3d4df e-con-full e-flex e-con e-child\" data-id=\"1ed3d4df\" data-element_type=\"container\">\n\t\t\t\t<div class=\"elementor-element elementor-element-16df0c7 elementor-widget__width-initial elementor-widget elementor-widget-text-editor\" data-id=\"16df0c7\" data-element_type=\"widget\" data-widget_type=\"text-editor.default\">\n\t\t\t\t\t\t\t\t\t<h3><span class=\"x193iq5w xeuugli x13faqbe x1vvkbs x1xmvt09 x1lliihq x1s928wv xhkezso x1gmr53x x1cpjm7i x1fgarty x1943h6x xudqn12 x3x7a5m x6prxxf xvq8zen xo1l8bm xzsf02u x1yc453h\" dir=\"auto\">Anik Thibaudeau<\/span><\/h3>\t\t\t\t\t\t\t\t<\/div>\n\t\t\t\t<div class=\"elementor-element elementor-element-e04e856 elementor-widget__width-initial elementor-widget elementor-widget-text-editor\" data-id=\"e04e856\" data-element_type=\"widget\" data-widget_type=\"text-editor.default\">\n\t\t\t\t\t\t\t\t\t<div style=\"font-size: 1.2em;\">\ud83d\udccd <strong>Lieu<\/strong> : Gatineau<br \/>\ud83c\udf3f <strong>Mati\u00e8res<\/strong> : cordes et morceaux d&rsquo;instruments de musique<br \/>\ud83d\udee0\ufe0f <strong>Cr\u00e9ations<\/strong> : Cordes et pi\u00e8ces d\u2019instruments (piano, guitare, etc.) surcycl\u00e9es en bijoux uniques.<\/div>\t\t\t\t\t\t\t\t<\/div>\n\t\t\t\t<div class=\"elementor-element elementor-element-4d9f02dd elementor-widget elementor-widget-text-editor\" data-id=\"4d9f02dd\" data-element_type=\"widget\" data-widget_type=\"text-editor.default\">\n\t\t\t\t\t\t\t\t\t<div dir=\"auto\">Site web :\u00a0<span class=\"html-span xdj266r x14z9mp xat24cr x1lziwak xexx8yu xyri2b x18d9i69 x1c1uobl x1hl2dhg x16tdsg8 x1vvkbs\"><a class=\"x1i10hfl xjbqb8w x1ejq31n x18oe1m7 x1sy0etr xstzfhl x972fbf x10w94by x1qhh985 x14e42zd x9f619 x1ypdohk xt0psk2 x3ct3a4 xdj266r x14z9mp xat24cr x1lziwak xexx8yu xyri2b x18d9i69 x1c1uobl x16tdsg8 x1hl2dhg xggy1nq x1a2a7pz xkrqix3 x1sur9pj x1fey0fg x1s688f\" tabindex=\"0\" role=\"link\" href=\"https:\/\/doremibraceletsetc.ca\/?fbclid=IwZXh0bgNhZW0CMTAAYnJpZBEwWHBlRFJvTkl0WnlKOXlrcXNydGMGYXBwX2lkEDIyMjAzOTE3ODgyMDA4OTIAAR7Fm4had5F_NsAYrSlccn7r-LC1NYaUeGNN8PmxuEc4SBGqxkIpAZHwP4U5iw_aem_CwxUYECQqvLVkjLWF16sbg\" target=\"_blank\" rel=\"nofollow noopener noreferrer\">https:\/\/doremibraceletsetc.ca<\/a><\/span><\/div><div dir=\"auto\">Facebook :\u00a0<span class=\"html-span xdj266r x14z9mp xat24cr x1lziwak xexx8yu xyri2b x18d9i69 x1c1uobl x1hl2dhg x16tdsg8 x1vvkbs\"><a class=\"x1i10hfl xjbqb8w x1ejq31n x18oe1m7 x1sy0etr xstzfhl x972fbf x10w94by x1qhh985 x14e42zd x9f619 x1ypdohk xt0psk2 x3ct3a4 xdj266r x14z9mp xat24cr x1lziwak xexx8yu xyri2b x18d9i69 x1c1uobl x16tdsg8 x1hl2dhg xggy1nq x1a2a7pz xkrqix3 x1sur9pj x1fey0fg x1s688f\" tabindex=\"0\" role=\"link\" href=\"https:\/\/www.facebook.com\/doremibraceletsetc?__cft__[0]=AZWVOKYuPh_IegIwV4ZHSUtQYzOYc3tabP0WwVB6j5ndsZXzSxcbWbzZZe6LBEul_huGl22vOfBPlHbLy2BgEWsJX2Tfu7G5wunKXJtcAu3Xj8_dqvTAIMJu_7t0AQF1kAzijv8bcAEZ3EYRWH3g6hT7n0E_PHLFwsK5lv_0TUnx2w&amp;__tn__=-]K-R\"><span class=\"xt0psk2\"><span class=\"xjp7ctv\">https:\/\/www.facebook.com\/doremibraceletsetc<\/span><\/span><\/a><\/span><\/div><div dir=\"auto\">Instagram :\u00a0<span class=\"html-span xdj266r x14z9mp xat24cr x1lziwak xexx8yu xyri2b x18d9i69 x1c1uobl x1hl2dhg x16tdsg8 x1vvkbs\"><a class=\"x1i10hfl xjbqb8w x1ejq31n x18oe1m7 x1sy0etr xstzfhl x972fbf x10w94by x1qhh985 x14e42zd x9f619 x1ypdohk xt0psk2 x3ct3a4 xdj266r x14z9mp xat24cr x1lziwak xexx8yu xyri2b x18d9i69 x1c1uobl x16tdsg8 x1hl2dhg xggy1nq x1a2a7pz xkrqix3 x1sur9pj x1fey0fg x1s688f\" tabindex=\"0\" role=\"link\" href=\"https:\/\/www.instagram.com\/doremibraceletsetc\/?fbclid=IwZXh0bgNhZW0CMTAAYnJpZBEwWHBlRFJvTkl0WnlKOXlrcXNydGMGYXBwX2lkEDIyMjAzOTE3ODgyMDA4OTIAAR7Lvb5mKHvvFsYtw-WG2SbBELZvzp6ZY44CZDeEDQ6gm6AOKT2jc2PfZ6DnTw_aem_c0BdL4V7GPciFpuBK0WEpQ\" target=\"_blank\" rel=\"nofollow noopener noreferrer\">https:\/\/www.instagram.com\/doremibraceletsetc\/<\/a><\/span><\/div><div dir=\"auto\">Etsy : <a href=\"https:\/\/www.etsy.com\/ca\/shop\/DoReMiBraceletsEtc\">https:\/\/www.etsy.com\/ca\/shop\/DoReMiBraceletsEtc<\/a><\/div>\t\t\t\t\t\t\t\t<\/div>\n\t\t\t\t<\/div>\n\t\t\t\t<\/div>\n\t\t<div class=\"elementor-element elementor-element-5d1225eb e-con-full e-flex e-con e-parent\" data-id=\"5d1225eb\" data-element_type=\"container\">\n\t\t\t\t<div class=\"elementor-element elementor-element-171da21d elementor-widget elementor-widget-text-editor\" data-id=\"171da21d\" data-element_type=\"widget\" data-widget_type=\"text-editor.default\">\n\t\t\t\t\t\t\t\t\t<div class=\"x14z9mp xat24cr x1lziwak x1vvkbs xtlvy1s x126k92a\"><div dir=\"auto\">Depuis 2016, chez Do Re Mi Bracelets etc. les instruments de musique n&rsquo;ont pas leur place aux poubelles! Au contraire, les cordes et les morceaux d&rsquo;instruments de musique (guitare, piano, batterie, violon, etc.) sont r\u00e9cup\u00e9r\u00e9s et surcycl\u00e9s en de magnifiques bijoux et cadeaux.<\/div><\/div><div class=\"x14z9mp xat24cr x1lziwak x1vvkbs xtlvy1s x126k92a\"><div dir=\"auto\">Son produit phare : Fabriqu\u00e9 \u00e0 partir d&rsquo;une v\u00e9ritable corde de piano ce superbe bracelet unisexe style manchette est non seulement original mais tr\u00e8s solide. Le fil central en acier est enrob\u00e9 d&rsquo;un fil de cuivre v\u00e9ritable, martel\u00e9 pour lui donner un \u00ab\u00a0look\u00a0\u00bb final que vous allez adorer!<\/div><\/div>\t\t\t\t\t\t\t\t<\/div>\n\t\t\t\t<\/div>\n\t\t\t\t<\/div>\n\t\t","protected":false},"excerpt":{"rendered":"<p>Anik Thibaudeau \ud83d\udccd Lieu : Gatineau\ud83c\udf3f Mati\u00e8res : cordes et morceaux d&rsquo;instruments de musique\ud83d\udee0\ufe0f Cr\u00e9ations : Cordes et pi\u00e8ces d\u2019instruments (piano, guitare, etc.) surcycl\u00e9es en bijoux uniques.Site web :\u00a0https:\/\/doremibraceletsetc.caFacebook :\u00a0https:\/\/www.facebook.com\/doremibraceletsetcInstagram :\u00a0https:\/\/www.instagram.com\/doremibraceletsetc\/Etsy : https:\/\/www.etsy.com\/ca\/shop\/DoReMiBraceletsEtcDepuis 2016, chez Do Re Mi Bracelets etc. les instruments de musique n&rsquo;ont pas leur place aux poubelles! Au contraire, les cordes et [&hellip;]<\/p>\n","protected":false},"author":1,"featured_media":0,"parent":0,"menu_order":0,"comment_status":"closed","ping_status":"closed","template":"","meta":{"_monsterinsights_skip_tracking":false,"_monsterinsights_sitenote_active":false,"_monsterinsights_sitenote_note":"","_monsterinsights_sitenote_category":0,"footnotes":""},"class_list":["post-706","page","type-page","status-publish","hentry"],"jetpack_sharing_enabled":true,"_links":{"self":[{"href":"https:\/\/artisansrecuperateurs.com\/ArtisansWordpress\/index.php\/wp-json\/wp\/v2\/pages\/706","targetHints":{"allow":["GET"]}}],"collection":[{"href":"https:\/\/artisansrecuperateurs.com\/ArtisansWordpress\/index.php\/wp-json\/wp\/v2\/pages"}],"about":[{"href":"https:\/\/artisansrecuperateurs.com\/ArtisansWordpress\/index.php\/wp-json\/wp\/v2\/types\/page"}],"author":[{"embeddable":true,"href":"https:\/\/artisansrecuperateurs.com\/ArtisansWordpress\/index.php\/wp-json\/wp\/v2\/users\/1"}],"replies":[{"embeddable":true,"href":"https:\/\/artisansrecuperateurs.com\/ArtisansWordpress\/index.php\/wp-json\/wp\/v2\/comments?post=706"}],"version-history":[{"count":12,"href":"https:\/\/artisansrecuperateurs.com\/ArtisansWordpress\/index.php\/wp-json\/wp\/v2\/pages\/706\/revisions"}],"predecessor-version":[{"id":1048,"href":"https:\/\/artisansrecuperateurs.com\/ArtisansWordpress\/index.php\/wp-json\/wp\/v2\/pages\/706\/revisions\/1048"}],"wp:attachment":[{"href":"https:\/\/artisansrecuperateurs.com\/ArtisansWordpress\/index.php\/wp-json\/wp\/v2\/media?parent=706"}],"curies":[{"name":"wp","href":"https:\/\/api.w.org\/{rel}","templated":true}]}}