{"id":693,"date":"2025-11-13T15:45:03","date_gmt":"2025-11-13T15:45:03","guid":{"rendered":"https:\/\/artisansrecuperateurs.com\/ArtisansWordpress\/?page_id=693"},"modified":"2025-11-27T15:10:02","modified_gmt":"2025-11-27T15:10:02","slug":"creations-gdc-ghislaine-descotes","status":"publish","type":"page","link":"https:\/\/artisansrecuperateurs.com\/ArtisansWordpress\/index.php\/creations-gdc-ghislaine-descotes\/","title":{"rendered":"CR\u00c9ATIONS GDC"},"content":{"rendered":"\t\t<div data-elementor-type=\"wp-page\" data-elementor-id=\"693\" class=\"elementor elementor-693\">\n\t\t\t\t<div class=\"elementor-element elementor-element-2f67486c e-con-full e-flex e-con e-parent\" data-id=\"2f67486c\" data-element_type=\"container\">\n\t\t\t\t<div class=\"elementor-element elementor-element-1b7b4f09 elementor-widget__width-initial elementor-arrows-position-inside elementor-pagination-position-outside elementor-widget elementor-widget-image-carousel\" data-id=\"1b7b4f09\" data-element_type=\"widget\" data-settings=\"{&quot;slides_to_show&quot;:&quot;1&quot;,&quot;navigation&quot;:&quot;both&quot;,&quot;autoplay&quot;:&quot;yes&quot;,&quot;pause_on_hover&quot;:&quot;yes&quot;,&quot;pause_on_interaction&quot;:&quot;yes&quot;,&quot;autoplay_speed&quot;:5000,&quot;infinite&quot;:&quot;yes&quot;,&quot;effect&quot;:&quot;slide&quot;,&quot;speed&quot;:500}\" data-widget_type=\"image-carousel.default\">\n\t\t\t\t\t\t\t<div class=\"elementor-image-carousel-wrapper swiper\" role=\"region\" aria-roledescription=\"carousel\" aria-label=\"Carrousel d\u2019images\" dir=\"ltr\">\n\t\t\t<div class=\"elementor-image-carousel swiper-wrapper\" aria-live=\"off\">\n\t\t\t\t\t\t\t\t<div class=\"swiper-slide\" role=\"group\" aria-roledescription=\"slide\" aria-label=\"1 of 5\"><figure class=\"swiper-slide-inner\"><img decoding=\"async\" class=\"swiper-slide-image\" src=\"https:\/\/artisansrecuperateurs.com\/ArtisansWordpress\/wp-content\/uploads\/2025\/11\/creationsGDC_tracteur-5-Ghislaine-Descotes-300x282.jpg\" alt=\"creationsGDC_tracteur\" \/><\/figure><\/div><div class=\"swiper-slide\" role=\"group\" aria-roledescription=\"slide\" aria-label=\"2 of 5\"><figure class=\"swiper-slide-inner\"><img decoding=\"async\" class=\"swiper-slide-image\" src=\"https:\/\/artisansrecuperateurs.com\/ArtisansWordpress\/wp-content\/uploads\/2025\/11\/CreationsGDC-Sacs-de-tailles-Ghislaine-Descotes-300x300.jpeg\" alt=\"CreationsGDC Sacs de tailles - Ghislaine Descotes\" \/><\/figure><\/div><div class=\"swiper-slide\" role=\"group\" aria-roledescription=\"slide\" aria-label=\"3 of 5\"><figure class=\"swiper-slide-inner\"><img decoding=\"async\" class=\"swiper-slide-image\" src=\"https:\/\/artisansrecuperateurs.com\/ArtisansWordpress\/wp-content\/uploads\/2025\/11\/CreationsGDC-Sac-fleurs-Ghislaine-Descotes-300x300.jpeg\" alt=\"CreationsGDC Sac fleurs - Ghislaine Descotes\" \/><\/figure><\/div><div class=\"swiper-slide\" role=\"group\" aria-roledescription=\"slide\" aria-label=\"4 of 5\"><figure class=\"swiper-slide-inner\"><img decoding=\"async\" class=\"swiper-slide-image\" src=\"https:\/\/artisansrecuperateurs.com\/ArtisansWordpress\/wp-content\/uploads\/2025\/11\/CreationsGDC-Libellules-Ghislaine-Descotes-scaled-e1764256191472-300x300.jpeg\" alt=\"CreationsGDC Libellules - Ghislaine Descotes\" \/><\/figure><\/div><div class=\"swiper-slide\" role=\"group\" aria-roledescription=\"slide\" aria-label=\"5 of 5\"><figure class=\"swiper-slide-inner\"><img decoding=\"async\" class=\"swiper-slide-image\" src=\"https:\/\/artisansrecuperateurs.com\/ArtisansWordpress\/wp-content\/uploads\/2025\/11\/CreationsGDC-Boucles-d_oreilles-Ghislaine-Descotes-scaled-e1764256180267-300x300.jpeg\" alt=\"CreationsGDC Boucles d_oreilles - Ghislaine Descotes\" \/><\/figure><\/div>\t\t\t<\/div>\n\t\t\t\t\t\t\t\t\t\t\t\t<div class=\"elementor-swiper-button elementor-swiper-button-prev\" role=\"button\" tabindex=\"0\">\n\t\t\t\t\t\t<svg aria-hidden=\"true\" class=\"e-font-icon-svg e-eicon-chevron-left\" viewBox=\"0 0 1000 1000\" xmlns=\"http:\/\/www.w3.org\/2000\/svg\"><path d=\"M646 125C629 125 613 133 604 142L308 442C296 454 292 471 292 487 292 504 296 521 308 533L604 854C617 867 629 875 646 875 663 875 679 871 692 858 704 846 713 829 713 812 713 796 708 779 692 767L438 487 692 225C700 217 708 204 708 187 708 171 704 154 692 142 675 129 663 125 646 125Z\"><\/path><\/svg>\t\t\t\t\t<\/div>\n\t\t\t\t\t<div class=\"elementor-swiper-button elementor-swiper-button-next\" role=\"button\" tabindex=\"0\">\n\t\t\t\t\t\t<svg aria-hidden=\"true\" class=\"e-font-icon-svg e-eicon-chevron-right\" viewBox=\"0 0 1000 1000\" xmlns=\"http:\/\/www.w3.org\/2000\/svg\"><path d=\"M696 533C708 521 713 504 713 487 713 471 708 454 696 446L400 146C388 133 375 125 354 125 338 125 325 129 313 142 300 154 292 171 292 187 292 204 296 221 308 233L563 492 304 771C292 783 288 800 288 817 288 833 296 850 308 863 321 871 338 875 354 875 371 875 388 867 400 854L696 533Z\"><\/path><\/svg>\t\t\t\t\t<\/div>\n\t\t\t\t\n\t\t\t\t\t\t\t\t\t<div class=\"swiper-pagination\"><\/div>\n\t\t\t\t\t\t\t\t\t<\/div>\n\t\t\t\t\t\t<\/div>\n\t\t<div class=\"elementor-element elementor-element-1ed3d4df e-con-full e-flex e-con e-child\" data-id=\"1ed3d4df\" data-element_type=\"container\">\n\t\t\t\t<div class=\"elementor-element elementor-element-c22d01a elementor-widget__width-initial elementor-widget elementor-widget-text-editor\" data-id=\"c22d01a\" data-element_type=\"widget\" data-widget_type=\"text-editor.default\">\n\t\t\t\t\t\t\t\t\t<h3><span class=\"x193iq5w xeuugli x13faqbe x1vvkbs x1xmvt09 x1lliihq x1s928wv xhkezso x1gmr53x x1cpjm7i x1fgarty x1943h6x xudqn12 x3x7a5m x6prxxf xvq8zen xo1l8bm xzsf02u x1yc453h\" dir=\"auto\">Ghislaine Descotes<\/span><\/h3>\t\t\t\t\t\t\t\t<\/div>\n\t\t\t\t<div class=\"elementor-element elementor-element-e04e856 elementor-widget__width-initial elementor-widget elementor-widget-text-editor\" data-id=\"e04e856\" data-element_type=\"widget\" data-widget_type=\"text-editor.default\">\n\t\t\t\t\t\t\t\t\t<div style=\"font-size: 1.2em;\">\ud83d\udccd <strong>Lieu<\/strong> : Hawkesbury (Ontario)<br \/>\ud83c\udf3f <strong>Mati\u00e8res<\/strong> : chambre \u00e0 air<br \/>\ud83d\udee0\ufe0f <strong>Cr\u00e9ations<\/strong> : Sacs \u00e0 main fa\u00e7onn\u00e9s dans des chambres \u00e0 air recycl\u00e9es\u00a0: robustes et originaux.<\/div>\t\t\t\t\t\t\t\t<\/div>\n\t\t\t\t<div class=\"elementor-element elementor-element-4d9f02dd elementor-widget elementor-widget-text-editor\" data-id=\"4d9f02dd\" data-element_type=\"widget\" data-widget_type=\"text-editor.default\">\n\t\t\t\t\t\t\t\t\t<div dir=\"auto\">Facebook :\u00a0<span class=\"html-span xdj266r x14z9mp xat24cr x1lziwak xexx8yu xyri2b x18d9i69 x1c1uobl x1hl2dhg x16tdsg8 x1vvkbs\"><a class=\"x1i10hfl xjbqb8w x1ejq31n x18oe1m7 x1sy0etr xstzfhl x972fbf x10w94by x1qhh985 x14e42zd x9f619 x1ypdohk xt0psk2 x3ct3a4 xdj266r x14z9mp xat24cr x1lziwak xexx8yu xyri2b x18d9i69 x1c1uobl x16tdsg8 x1hl2dhg xggy1nq x1a2a7pz xkrqix3 x1sur9pj x1fey0fg x1s688f\" tabindex=\"0\" role=\"link\" href=\"https:\/\/www.facebook.com\/ghislaine.descotes?__cft__[0]=AZWFTkRjK_aAsqVbkggHIPcYnlSUZN7NtJeP7EOBkaNSQTshbsl4DkxvBOHauLLcoUyhkzDGL3nBR13UGpQfTUtoeoepv_xuUAyFLcoGHVQktZKDca20GZzQdetShHkS-BskbFlDN2obhSKhfBwkaSHN68FeF5VNP-wNJqfgptoEfw&amp;__tn__=-]K-R\"><span class=\"xt0psk2\"><span class=\"xjp7ctv\">https:\/\/www.facebook.com\/ghislaine.descotes\/<\/span><\/span><\/a><\/span><\/div>\t\t\t\t\t\t\t\t<\/div>\n\t\t\t\t<\/div>\n\t\t\t\t<\/div>\n\t\t<div class=\"elementor-element elementor-element-5d1225eb e-con-full e-flex e-con e-parent\" data-id=\"5d1225eb\" data-element_type=\"container\">\n\t\t\t\t<div class=\"elementor-element elementor-element-171da21d elementor-widget elementor-widget-text-editor\" data-id=\"171da21d\" data-element_type=\"widget\" data-widget_type=\"text-editor.default\">\n\t\t\t\t\t\t\t\t\t<div class=\"x14z9mp xat24cr x1lziwak x1vvkbs xtlvy1s x126k92a\"><div dir=\"auto\">Des beaux sacs \u00e0 main fait de chambres \u00e0 air recycl\u00e9es!!! Quelle bonne id\u00e9e! Tout fait \u00e0 la main avec de belles courroies originales. Les Cr\u00e9ations GDC existent depuis 2009.<\/div><\/div><div class=\"x14z9mp xat24cr x1lziwak x1vvkbs xtlvy1s x126k92a\"><div dir=\"auto\">Son produit phare : Mini sac de taille qui se porte de deux fa\u00e7ons, soit avec la courroie ou bien avec les crochets aux ganses des pantalons1959<\/div><\/div>\t\t\t\t\t\t\t\t<\/div>\n\t\t\t\t<\/div>\n\t\t\t\t<\/div>\n\t\t","protected":false},"excerpt":{"rendered":"<p>Ghislaine Descotes \ud83d\udccd Lieu : Hawkesbury (Ontario)\ud83c\udf3f Mati\u00e8res : chambre \u00e0 air\ud83d\udee0\ufe0f Cr\u00e9ations : Sacs \u00e0 main fa\u00e7onn\u00e9s dans des chambres \u00e0 air recycl\u00e9es\u00a0: robustes et originaux.Facebook :\u00a0https:\/\/www.facebook.com\/ghislaine.descotes\/Des beaux sacs \u00e0 main fait de chambres \u00e0 air recycl\u00e9es!!! Quelle bonne id\u00e9e! Tout fait \u00e0 la main avec de belles courroies originales. Les Cr\u00e9ations GDC existent [&hellip;]<\/p>\n","protected":false},"author":1,"featured_media":0,"parent":0,"menu_order":0,"comment_status":"closed","ping_status":"closed","template":"","meta":{"_monsterinsights_skip_tracking":false,"_monsterinsights_sitenote_active":false,"_monsterinsights_sitenote_note":"","_monsterinsights_sitenote_category":0,"footnotes":""},"class_list":["post-693","page","type-page","status-publish","hentry"],"jetpack_sharing_enabled":true,"_links":{"self":[{"href":"https:\/\/artisansrecuperateurs.com\/ArtisansWordpress\/index.php\/wp-json\/wp\/v2\/pages\/693","targetHints":{"allow":["GET"]}}],"collection":[{"href":"https:\/\/artisansrecuperateurs.com\/ArtisansWordpress\/index.php\/wp-json\/wp\/v2\/pages"}],"about":[{"href":"https:\/\/artisansrecuperateurs.com\/ArtisansWordpress\/index.php\/wp-json\/wp\/v2\/types\/page"}],"author":[{"embeddable":true,"href":"https:\/\/artisansrecuperateurs.com\/ArtisansWordpress\/index.php\/wp-json\/wp\/v2\/users\/1"}],"replies":[{"embeddable":true,"href":"https:\/\/artisansrecuperateurs.com\/ArtisansWordpress\/index.php\/wp-json\/wp\/v2\/comments?post=693"}],"version-history":[{"count":11,"href":"https:\/\/artisansrecuperateurs.com\/ArtisansWordpress\/index.php\/wp-json\/wp\/v2\/pages\/693\/revisions"}],"predecessor-version":[{"id":1057,"href":"https:\/\/artisansrecuperateurs.com\/ArtisansWordpress\/index.php\/wp-json\/wp\/v2\/pages\/693\/revisions\/1057"}],"wp:attachment":[{"href":"https:\/\/artisansrecuperateurs.com\/ArtisansWordpress\/index.php\/wp-json\/wp\/v2\/media?parent=693"}],"curies":[{"name":"wp","href":"https:\/\/api.w.org\/{rel}","templated":true}]}}