{"id":220,"date":"2025-07-10T16:00:38","date_gmt":"2025-07-10T16:00:38","guid":{"rendered":"https:\/\/artisansrecuperateurs.com\/ArtisansWordpress\/?page_id=220"},"modified":"2025-10-24T01:53:39","modified_gmt":"2025-10-24T01:53:39","slug":"notre-histoire","status":"publish","type":"page","link":"https:\/\/artisansrecuperateurs.com\/ArtisansWordpress\/index.php\/notre-histoire\/","title":{"rendered":"Notre histoire"},"content":{"rendered":"\n<p><\/p>\n\n\n\n<div class=\"wp-block-columns is-layout-flex wp-container-core-columns-is-layout-28f84493 wp-block-columns-is-layout-flex\">\n<div class=\"wp-block-column is-vertically-aligned-center is-layout-flow wp-block-column-is-layout-flow\">\n<p>En 2006, le <strong>Salon des Artistes-R\u00e9cup\u00e9rateurs<\/strong> na\u00eet \u00e0 la Biosph\u00e8re sur l\u2019\u00eele Sainte-H\u00e9l\u00e8ne. Il a \u00e9t\u00e9 jusqu\u2019en 2012 leur exposition phare pour illustrer leur th\u00e9matique \u00ab No\u00ebl Vert \u00bb, visant \u00e0 promouvoir de bonnes pratiques environnementales dans le temps des f\u00eates. Le Salon des Artistes-R\u00e9cup\u00e9rateurs s\u2019y tenait au d\u00e9but d\u00e9cembre pour pr\u00e9senter le travail d\u2019une soixantaine d\u2019artistes-r\u00e9cup\u00e9rateurs et rejoindre de plus de&nbsp; 7 000 visiteur.euse.s.<\/p>\n<\/div>\n\n\n\n<div class=\"wp-block-column is-layout-flow wp-block-column-is-layout-flow\">\n<figure class=\"wp-block-image size-large\"><img fetchpriority=\"high\" decoding=\"async\" width=\"708\" height=\"1024\" src=\"https:\/\/artisansrecuperateurs.com\/ArtisansWordpress\/wp-content\/uploads\/2025\/09\/SAR-2009-21573_Lumiquai_Noel2009-708x1024.jpg\" alt=\"\" class=\"wp-image-246\" srcset=\"https:\/\/artisansrecuperateurs.com\/ArtisansWordpress\/wp-content\/uploads\/2025\/09\/SAR-2009-21573_Lumiquai_Noel2009-708x1024.jpg 708w, https:\/\/artisansrecuperateurs.com\/ArtisansWordpress\/wp-content\/uploads\/2025\/09\/SAR-2009-21573_Lumiquai_Noel2009-207x300.jpg 207w, https:\/\/artisansrecuperateurs.com\/ArtisansWordpress\/wp-content\/uploads\/2025\/09\/SAR-2009-21573_Lumiquai_Noel2009-768x1110.jpg 768w, https:\/\/artisansrecuperateurs.com\/ArtisansWordpress\/wp-content\/uploads\/2025\/09\/SAR-2009-21573_Lumiquai_Noel2009-600x868.jpg 600w, https:\/\/artisansrecuperateurs.com\/ArtisansWordpress\/wp-content\/uploads\/2025\/09\/SAR-2009-21573_Lumiquai_Noel2009.jpg 850w\" sizes=\"(max-width: 708px) 100vw, 708px\" \/><\/figure>\n<\/div>\n<\/div>\n\n\n\n<p>Vu la fermeture de la <em>Biosph\u00e8re<\/em> en 2013, le Salon des Artistes-R\u00e9cup\u00e9rateurs n\u2019a pas eu lieu cette ann\u00e9e-l\u00e0. Gr\u00e2ce \u00e0 la volont\u00e9 de trois artisanes de faire revivre l\u2019\u00e9v\u00e9nement, <em>ENvironnement JEUnesse<\/em> a repris le flambeau de l\u2019\u00e9v\u00e9nement en 2014 aid\u00e9 par les artisanes.&nbsp;<\/p>\n\n\n\n<div class=\"wp-block-columns is-layout-flex wp-container-core-columns-is-layout-28f84493 wp-block-columns-is-layout-flex\">\n<div class=\"wp-block-column is-vertically-aligned-center is-layout-flow wp-block-column-is-layout-flow\">\n<p>Apr\u00e8s un l\u00e9ger changement de nom, la premi\u00e8re \u00e9dition du <strong>Salon des Artisans R\u00e9cup\u00e9rateurs<\/strong>&nbsp; d\u2019<em>ENvironnement JEUnesse <\/em>a eu lieu \u00e0 la Chaufferie du C\u0153ur des Sciences de l\u2019UQAM en 2014.<\/p>\n<\/div>\n\n\n\n<div class=\"wp-block-column is-layout-flow wp-block-column-is-layout-flow\">\n<figure class=\"wp-block-image alignright size-full\"><img decoding=\"async\" width=\"562\" height=\"837\" src=\"https:\/\/artisansrecuperateurs.com\/ArtisansWordpress\/wp-content\/uploads\/2025\/09\/2014-SalonArtistesRecuperateur2014.jpg\" alt=\"\" class=\"wp-image-247\" srcset=\"https:\/\/artisansrecuperateurs.com\/ArtisansWordpress\/wp-content\/uploads\/2025\/09\/2014-SalonArtistesRecuperateur2014.jpg 562w, https:\/\/artisansrecuperateurs.com\/ArtisansWordpress\/wp-content\/uploads\/2025\/09\/2014-SalonArtistesRecuperateur2014-201x300.jpg 201w\" sizes=\"(max-width: 562px) 100vw, 562px\" \/><\/figure>\n<\/div>\n<\/div>\n\n\n\n<div class=\"wp-block-columns is-layout-flex wp-container-core-columns-is-layout-28f84493 wp-block-columns-is-layout-flex\">\n<div class=\"wp-block-column is-vertically-aligned-center is-layout-flow wp-block-column-is-layout-flow\">\n<figure class=\"wp-block-image size-large\"><img decoding=\"async\" width=\"1024\" height=\"386\" src=\"https:\/\/artisansrecuperateurs.com\/ArtisansWordpress\/wp-content\/uploads\/2025\/09\/2015-SARFB2015-1024x386.jpg\" alt=\"\" class=\"wp-image-248\" srcset=\"https:\/\/artisansrecuperateurs.com\/ArtisansWordpress\/wp-content\/uploads\/2025\/09\/2015-SARFB2015-1024x386.jpg 1024w, https:\/\/artisansrecuperateurs.com\/ArtisansWordpress\/wp-content\/uploads\/2025\/09\/2015-SARFB2015-300x113.jpg 300w, https:\/\/artisansrecuperateurs.com\/ArtisansWordpress\/wp-content\/uploads\/2025\/09\/2015-SARFB2015-768x289.jpg 768w, https:\/\/artisansrecuperateurs.com\/ArtisansWordpress\/wp-content\/uploads\/2025\/09\/2015-SARFB2015-1536x579.jpg 1536w, https:\/\/artisansrecuperateurs.com\/ArtisansWordpress\/wp-content\/uploads\/2025\/09\/2015-SARFB2015-600x226.jpg 600w, https:\/\/artisansrecuperateurs.com\/ArtisansWordpress\/wp-content\/uploads\/2025\/09\/2015-SARFB2015.jpg 1800w\" sizes=\"(max-width: 1024px) 100vw, 1024px\" \/><\/figure>\n<\/div>\n\n\n\n<div class=\"wp-block-column is-vertically-aligned-center is-layout-flow wp-block-column-is-layout-flow\">\n<p>L\u2019ann\u00e9e suivante, en 2015, l\u2019\u00e9v\u00e9nement d\u00e9m\u00e9nagea \u00e0 la Maison du d\u00e9veloppement durable, un b\u00e2timent \u00e9cologique du centre-ville. Le <strong>Salon des Artisans R\u00e9cup\u00e9rateurs<\/strong> s\u2019y est par la suite tenu avec une quarantaine d\u2019artisan.e.s jusqu\u2019en 2019.&nbsp;<\/p>\n<\/div>\n<\/div>\n\n\n\n<p>En 2020, l\u2019impossibilit\u00e9 de faire le march\u00e9 en pr\u00e9sentiel pousse ENJEU \u00e0 cr\u00e9er une version en ligne du march\u00e9. Un site est alors construit afin de promouvoir le travail des artisan.e.s et diriger les clients sur leurs sites transactionnels respectifs. Ce sera la derni\u00e8re \u00e9dition chapeaut\u00e9e par <em>ENvironnement JEUnesse<\/em>.<\/p>\n\n\n\n<p>En effet, en 2021, le SAR change encore de nom (mais pas de vocation&nbsp;!) et devient le <strong>March\u00e9 des Artisans R\u00e9cup\u00e9rateurs<\/strong>. Cette ann\u00e9e-l\u00e0, il a lieu hors des murs habituels de la Maison du d\u00e9veloppement durable en version r\u00e9duite <em>Chez Ernest<\/em>, un caf\u00e9 de la rue Saint-Hubert. Une petite quinzaine d\u2019artisan.e.s y sont pr\u00e9sent.e.s car l\u2019espace ne permet pas d\u2019en accueillir plus. C\u2019est \u00e0 partir de cette ann\u00e9e-l\u00e0 que l\u2019organisation du MAR est officiellement reprise par deux artisanes soit B\u00e9atrice, <a href=\"https:\/\/www.facebook.com\/EcoFoliesSchatzy\/\"><em>Aux \u00c9co-Folies de Schatzy<\/em><\/a> et F\u00e9lix derri\u00e8re la marque <a href=\"http:\/\/www.chikiboom.com\"><em>Chikiboom<\/em><\/a><em>.<\/em><\/p>\n\n\n\n<p>L\u2019\u00e9dition de 2022 sera la derni\u00e8re pr\u00e9sent\u00e9e \u00e0 la MDD. Organis\u00e9e en partie par celle-ci et par les artisanes mentionn\u00e9es ci-haut, l\u2019\u00e9v\u00e9nement reprend sa forme initiale avec une trentaine d\u2019artisan.e.s.<\/p>\n\n\n\n<p>\u00c0 partir de 2023, l\u2019\u00e9v\u00e9nement d\u00e9m\u00e9nage dans un endroit nouvellement construit, juste en face de la Maison du d\u00e9veloppement durable&nbsp;: le pavillon de l\u2019esplanade Tranquille!&nbsp;Quoi de mieux qu\u2019un espace ouvert, accueillant et design pour mettre en valeur le merveilleux travail des artisan.e.s!<\/p>\n\n\n\n<p>C\u2019est en 2025 que l\u2019\u00e9quipe d\u2019organisation du MAR s\u2019agrandit! En effet, en plus des artisanes F\u00e9lix et B\u00e9atrice, Anaelle, pr\u00e9sidente de l\u2019obnl <a href=\"https:\/\/unel.ca\">Unel<\/a><em> <\/em>et Christopher, technicien principal des deux derni\u00e8res \u00e9ditions mettent la main \u00e0 la p\u00e2te afin de faire de cette \u00e9dition un succ\u00e8s fulgurant!<\/p>\n\n\n\n<p>Ce n\u2019est donc pas d\u2019hier que le MAR permet \u00e0 tout le monde de voir en application les principes des 3RVE voulant qu\u2019il faille r\u00e9duire, r\u00e9utiliser, recycler, valoriser\u2026 avant de recourir \u00e0 l\u2019\u00e9limination. Les artisan.e.s d\u00e9montrent ainsi depuis 20 ans, qu\u2019il est possible de cr\u00e9er des objets de grande qualit\u00e9, abordables et vari\u00e9s, et qui vont \u00e0 contre-courant du pr\u00eat-\u00e0-jeter. Sur l&rsquo;\u00cele de Montr\u00e9al, on recense plus d\u2019une cinquantaine de march\u00e9s de No\u00ebl. Le MAR se distingue par son envergure, son lieu strat\u00e9gique, ses retomb\u00e9es pour l\u2019\u00e9conomie locale et circulaire mais surtout, par son volet \u00e9coresponsable unique et inimitable.<\/p>\n\n\n\n<p>Longue vie au MAR!<\/p>\n\n\n\n<p><\/p>\n\n\n\n<hr class=\"wp-block-separator has-alpha-channel-opacity\"\/>\n\n\n\n<p><strong>\u00c0 propos du pavillon de l\u2019esplanade Tranquille<\/strong><\/p>\n\n\n\n<p>Cette place publique conviviale offre une vari\u00e9t\u00e9 d\u2019activit\u00e9s et de loisirs, avec un mobilier pour se d\u00e9tendre en toute saison. Patinoire r\u00e9frig\u00e9r\u00e9e en hiver, jeux d\u2019eau en \u00e9t\u00e9 : voil\u00e0 la destination id\u00e9ale pour s\u2019amuser en famille.<\/p>\n\n\n\n<p>Situ\u00e9e \u00e0 l\u2019ouest de la rue Clark (1442, rue Clark), entre la rue Sainte-Catherine et la rue De Montigny, l\u2019esplanade Tranquille compl\u00e8te de belle fa\u00e7on l\u2019offre en espaces publics du Quartier des spectacles. Elle s\u2019ajoute \u00e0 la place des Festivals, \u00e0 la promenade des Artistes, au Parterre, ainsi qu\u2019\u00e0 la rue Sainte-Catherine.<\/p>\n\n\n\n<p>Cet espace polyvalent et multig\u00e9n\u00e9rationnel vous accueille dans un am\u00e9nagement chaleureux, en proposant une programmation culturelle vari\u00e9e. L\u2019esplanade Tranquille rend hommage \u00e0 la Librairie Tranquille, autrefois situ\u00e9e sur le site, et \u00e0 son propri\u00e9taire, Henri Tranquille (1916-2005). C\u2019est un lieu important de l\u2019histoire contemporaine du Qu\u00e9bec, puisque c\u2019est ici qu\u2019a \u00e9t\u00e9 lanc\u00e9 le manifeste <em>Refus global<\/em> en 1948.<\/p>\n\n\n\n<p>L\u2019esplanade Tranquille comprend aussi un pavillon multifonctionnel qui offre des espaces communs pour faire une pause, prendre un caf\u00e9, un comptoir de location de jeux et une biblioth\u00e8que en libre-service. Au rez-de-chauss\u00e9e, le restaurant Galaxie Brasserie vous accueille chaleureusement. L\u2019hiver, vous avez aussi la possibilit\u00e9 de louer des patins pour profiter de la grande patinoire r\u00e9frig\u00e9r\u00e9e pr\u00e9sente sur le site!<\/p>\n\n\n\n<p>Nous ne pouvons que vous inviter \u00e0 y faire un tour. On se voit l\u00e0-bas?<\/p>\n\n\n\n<figure class=\"wp-block-image aligncenter size-large\"><img loading=\"lazy\" decoding=\"async\" width=\"1024\" height=\"576\" src=\"https:\/\/artisansrecuperateurs.com\/ArtisansWordpress\/wp-content\/uploads\/2025\/09\/2025-05-01-1-1024x576.png\" alt=\"Esplanade Tranquille pour le march\u00e9 des artisans r\u00e9cup\u00e9rateurs\" class=\"wp-image-244\" srcset=\"https:\/\/artisansrecuperateurs.com\/ArtisansWordpress\/wp-content\/uploads\/2025\/09\/2025-05-01-1-1024x576.png 1024w, https:\/\/artisansrecuperateurs.com\/ArtisansWordpress\/wp-content\/uploads\/2025\/09\/2025-05-01-1-300x169.png 300w, https:\/\/artisansrecuperateurs.com\/ArtisansWordpress\/wp-content\/uploads\/2025\/09\/2025-05-01-1-768x432.png 768w, https:\/\/artisansrecuperateurs.com\/ArtisansWordpress\/wp-content\/uploads\/2025\/09\/2025-05-01-1-600x338.png 600w, https:\/\/artisansrecuperateurs.com\/ArtisansWordpress\/wp-content\/uploads\/2025\/09\/2025-05-01-1.png 1360w\" sizes=\"(max-width: 1024px) 100vw, 1024px\" \/><figcaption class=\"wp-element-caption\">Photo de l&rsquo;Esplanade Tranquille en \u00e9t\u00e9 &#8211; source : le quartier des spectacles<\/figcaption><\/figure>\n","protected":false},"excerpt":{"rendered":"<p>En 2006, le Salon des Artistes-R\u00e9cup\u00e9rateurs na\u00eet \u00e0 la Biosph\u00e8re sur l\u2019\u00eele Sainte-H\u00e9l\u00e8ne. Il a \u00e9t\u00e9 jusqu\u2019en 2012 leur exposition phare pour illustrer leur th\u00e9matique \u00ab No\u00ebl Vert \u00bb, visant \u00e0 promouvoir de bonnes pratiques environnementales dans le temps des f\u00eates. Le Salon des Artistes-R\u00e9cup\u00e9rateurs s\u2019y tenait au d\u00e9but d\u00e9cembre pour pr\u00e9senter le travail d\u2019une [&hellip;]<\/p>\n","protected":false},"author":2,"featured_media":0,"parent":0,"menu_order":0,"comment_status":"closed","ping_status":"closed","template":"","meta":{"_monsterinsights_skip_tracking":false,"_monsterinsights_sitenote_active":false,"_monsterinsights_sitenote_note":"","_monsterinsights_sitenote_category":0,"footnotes":""},"class_list":["post-220","page","type-page","status-publish","hentry"],"jetpack_sharing_enabled":true,"_links":{"self":[{"href":"https:\/\/artisansrecuperateurs.com\/ArtisansWordpress\/index.php\/wp-json\/wp\/v2\/pages\/220","targetHints":{"allow":["GET"]}}],"collection":[{"href":"https:\/\/artisansrecuperateurs.com\/ArtisansWordpress\/index.php\/wp-json\/wp\/v2\/pages"}],"about":[{"href":"https:\/\/artisansrecuperateurs.com\/ArtisansWordpress\/index.php\/wp-json\/wp\/v2\/types\/page"}],"author":[{"embeddable":true,"href":"https:\/\/artisansrecuperateurs.com\/ArtisansWordpress\/index.php\/wp-json\/wp\/v2\/users\/2"}],"replies":[{"embeddable":true,"href":"https:\/\/artisansrecuperateurs.com\/ArtisansWordpress\/index.php\/wp-json\/wp\/v2\/comments?post=220"}],"version-history":[{"count":21,"href":"https:\/\/artisansrecuperateurs.com\/ArtisansWordpress\/index.php\/wp-json\/wp\/v2\/pages\/220\/revisions"}],"predecessor-version":[{"id":478,"href":"https:\/\/artisansrecuperateurs.com\/ArtisansWordpress\/index.php\/wp-json\/wp\/v2\/pages\/220\/revisions\/478"}],"wp:attachment":[{"href":"https:\/\/artisansrecuperateurs.com\/ArtisansWordpress\/index.php\/wp-json\/wp\/v2\/media?parent=220"}],"curies":[{"name":"wp","href":"https:\/\/api.w.org\/{rel}","templated":true}]}}